{"id":264,"date":"2023-11-30T20:26:14","date_gmt":"2023-11-30T20:26:14","guid":{"rendered":"https:\/\/grandmare.pucahost.com\/?page_id=264"},"modified":"2024-05-07T18:43:56","modified_gmt":"2024-05-07T18:43:56","slug":"contactenos","status":"publish","type":"page","link":"https:\/\/grandmare.com.pe\/mancora-hotel\/contactenos\/","title":{"rendered":"Contactenos"},"content":{"rendered":"<p>Si desea obtener mayor informaci\u00f3n sobre nosotros, no dude en contactarnos por cualquiera de los siguientes medios: Correo electr\u00f3nico, tel\u00e9fono, direcci\u00f3n o llenando el siguiente formulario con sus datos principales:<\/p>\n<p>Mancora: <a href=\"tel:56(073)258716\">(073) 25 87 16<\/a><\/p>\n<p>Lima: <a href=\"tel:56(01)4373832\">(01) 4373832<\/a><br \/>\nSantiago de Chile: <a href=\"tel:56(02)25708885\">(02) 25708885<\/a><br \/>\nMovil: <a href=\"https:\/\/grandmare.com\/mancora-hotel\/contactenos\/\">+51 933364964<\/a><\/p>\n<p>Recepci\u00f3n Mancora: <a href=\"https:\/\/grandmare.com\/mancora-hotel\/contactenos\/\">+51 994072051<\/a><br \/>\nCorreo: <a href=\"mailto:ventas1@grandmare.com\">ventas1@grandmare.com<\/a><br \/>\nCorreo: <a href=\"mailto:reservas@grandmare.com\">reservas@grandmare.com<\/a><\/p>\n<style>\/*! elementor - v3.18.0 - 04-12-2023 *\/<br \/>\n.elementor-widget-google_maps .elementor-widget-container{overflow:hidden}.elementor-widget-google_maps .elementor-custom-embed{line-height:0}.elementor-widget-google_maps iframe{height:300px}<\/style>\n<p><iframe title=\"Hotel Grandmare &amp; Bungalows, VWQH+9VF, Antigua Carretera Panamerica Norte km 1217 Mancora, Acceso Mancora, M\u00e1ncora 20851, Per\u00fa\" src=\"https:\/\/maps.google.com\/maps?q=Hotel%20Grandmare%20%26%20Bungalows%2C%20VWQH%2B9VF%2C%20Antigua%20Carretera%20Panamerica%20Norte%20km%201217%20Mancora%2C%20Acceso%20Mancora%2C%20M%C3%A1ncora%2020851%2C%20Per%C3%BA&amp;t=m&amp;z=15&amp;output=embed&amp;iwloc=near\" aria-label=\"Hotel Grandmare &amp; Bungalows, VWQH+9VF, Antigua Carretera Panamerica Norte km 1217 Mancora, Acceso Mancora, M\u00e1ncora 20851, Per\u00fa\"><\/iframe><\/p>\n","protected":false},"excerpt":{"rendered":"<p>Si desea obtener mayor informaci\u00f3n sobre nosotros, no dude en contactarnos por cualquiera de los siguientes medios: Correo electr\u00f3nico, tel\u00e9fono, direcci\u00f3n o llenando el siguiente formulario con sus datos principales: Mancora: (073) 25 87 16 Lima: (01) 4373832 Santiago de Chile: (02) 25708885 Movil: +51 933364964 Recepci\u00f3n Mancora: +51 994072051 Correo: ventas1@grandmare.com Correo: reservas@grandmare.com<\/p>\n","protected":false},"author":1,"featured_media":0,"parent":0,"menu_order":0,"comment_status":"closed","ping_status":"closed","template":"elementor_header_footer","meta":{"footnotes":""},"class_list":["post-264","page","type-page","status-publish","hentry"],"_links":{"self":[{"href":"https:\/\/grandmare.com.pe\/mancora-hotel\/wp-json\/wp\/v2\/pages\/264","targetHints":{"allow":["GET"]}}],"collection":[{"href":"https:\/\/grandmare.com.pe\/mancora-hotel\/wp-json\/wp\/v2\/pages"}],"about":[{"href":"https:\/\/grandmare.com.pe\/mancora-hotel\/wp-json\/wp\/v2\/types\/page"}],"author":[{"embeddable":true,"href":"https:\/\/grandmare.com.pe\/mancora-hotel\/wp-json\/wp\/v2\/users\/1"}],"replies":[{"embeddable":true,"href":"https:\/\/grandmare.com.pe\/mancora-hotel\/wp-json\/wp\/v2\/comments?post=264"}],"version-history":[{"count":9,"href":"https:\/\/grandmare.com.pe\/mancora-hotel\/wp-json\/wp\/v2\/pages\/264\/revisions"}],"predecessor-version":[{"id":291,"href":"https:\/\/grandmare.com.pe\/mancora-hotel\/wp-json\/wp\/v2\/pages\/264\/revisions\/291"}],"wp:attachment":[{"href":"https:\/\/grandmare.com.pe\/mancora-hotel\/wp-json\/wp\/v2\/media?parent=264"}],"curies":[{"name":"wp","href":"https:\/\/api.w.org\/{rel}","templated":true}]}}